{"id":9263,"date":"2023-11-23T11:56:47","date_gmt":"2023-11-23T14:56:47","guid":{"rendered":"https:\/\/comsefaz.org.br\/novo\/?page_id=9263"},"modified":"2024-04-22T15:24:47","modified_gmt":"2024-04-22T18:24:47","slug":"livro-os-estados-na-federacao-brasileira-involucao-e-perspectitvas-pos-covid-19","status":"publish","type":"page","link":"https:\/\/comsefaz.org.br\/novo\/livro-os-estados-na-federacao-brasileira-involucao-e-perspectitvas-pos-covid-19\/","title":{"rendered":"Os Estados na Federa\u00e7\u00e3o Brasileira: Involu\u00e7\u00e3o e Perspectitvas P\u00f3s-Covid-19"},"content":{"rendered":"\t\t<div data-elementor-type=\"wp-page\" data-elementor-id=\"9263\" class=\"elementor elementor-9263\" data-elementor-post-type=\"page\">\n\t\t\t\t<div class=\"elementor-element elementor-element-1cf483c e-con-full e-flex e-con e-parent\" data-id=\"1cf483c\" data-element_type=\"container\" data-settings=\"{&quot;background_background&quot;:&quot;classic&quot;,&quot;sticky&quot;:&quot;top&quot;,&quot;sticky_on&quot;:[&quot;desktop&quot;,&quot;tablet&quot;,&quot;mobile&quot;],&quot;sticky_offset&quot;:0,&quot;sticky_effects_offset&quot;:0,&quot;sticky_anchor_link_offset&quot;:0}\">\n\t\t\t\t<div class=\"elementor-element elementor-element-0e75918 elementor-widget__width-initial elementor-widget-mobile__width-initial elementor-widget elementor-widget-image\" data-id=\"0e75918\" data-element_type=\"widget\" data-widget_type=\"image.default\">\n\t\t\t\t<div class=\"elementor-widget-container\">\n\t\t\t\t\t\t\t\t\t\t\t\t\t\t\t\t<a href=\"https:\/\/comsefaz.org.br\/novo\/\">\n\t\t\t\t\t\t\t<img fetchpriority=\"high\" decoding=\"async\" width=\"800\" height=\"237\" src=\"https:\/\/comsefaz.org.br\/novo\/wp-content\/uploads\/2023\/01\/marca_prioritaria_cor-1.svg\" class=\"attachment-large size-large wp-image-7703\" alt=\"\" \/>\t\t\t\t\t\t\t\t<\/a>\n\t\t\t\t\t\t\t\t\t\t\t\t\t\t\t<\/div>\n\t\t\t\t<\/div>\n\t\t\t\t<\/div>\n\t\t<div class=\"elementor-element elementor-element-5fe64d3 e-flex e-con-boxed elementor-invisible e-con e-parent\" data-id=\"5fe64d3\" data-element_type=\"container\" data-settings=\"{&quot;background_background&quot;:&quot;classic&quot;,&quot;animation&quot;:&quot;fadeInDown&quot;}\">\n\t\t\t\t\t<div class=\"e-con-inner\">\n\t\t<div class=\"elementor-element elementor-element-9fdfc93 e-con-full e-flex e-con e-child\" data-id=\"9fdfc93\" data-element_type=\"container\">\n\t\t\t\t<div class=\"elementor-element elementor-element-a855689 elementor-hidden-desktop elementor-hidden-tablet elementor-widget elementor-widget-image\" data-id=\"a855689\" data-element_type=\"widget\" data-settings=\"{&quot;_animation_mobile&quot;:&quot;fadeInDown&quot;}\" data-widget_type=\"image.default\">\n\t\t\t\t<div class=\"elementor-widget-container\">\n\t\t\t\t\t\t\t\t\t\t\t\t\t\t\t<img decoding=\"async\" width=\"800\" height=\"981\" src=\"https:\/\/comsefaz.org.br\/novo\/wp-content\/uploads\/2023\/11\/Book_Cover_Mockup-1-835x1024.png\" class=\"attachment-large size-large wp-image-9241\" alt=\"\" srcset=\"https:\/\/comsefaz.org.br\/novo\/wp-content\/uploads\/2023\/11\/Book_Cover_Mockup-1-835x1024.png 835w, https:\/\/comsefaz.org.br\/novo\/wp-content\/uploads\/2023\/11\/Book_Cover_Mockup-1-245x300.png 245w, https:\/\/comsefaz.org.br\/novo\/wp-content\/uploads\/2023\/11\/Book_Cover_Mockup-1-768x942.png 768w, https:\/\/comsefaz.org.br\/novo\/wp-content\/uploads\/2023\/11\/Book_Cover_Mockup-1-1252x1536.png 1252w, https:\/\/comsefaz.org.br\/novo\/wp-content\/uploads\/2023\/11\/Book_Cover_Mockup-1-1670x2048.png 1670w, https:\/\/comsefaz.org.br\/novo\/wp-content\/uploads\/2023\/11\/Book_Cover_Mockup-1.png 1932w\" sizes=\"(max-width: 800px) 100vw, 800px\" \/>\t\t\t\t\t\t\t\t\t\t\t\t\t\t\t<\/div>\n\t\t\t\t<\/div>\n\t\t\t\t<div class=\"elementor-element elementor-element-529eeb4 elementor-widget-mobile__width-initial elementor-widget__width-initial elementor-invisible elementor-widget elementor-widget-image\" data-id=\"529eeb4\" data-element_type=\"widget\" data-settings=\"{&quot;_animation&quot;:&quot;fadeInLeft&quot;}\" data-widget_type=\"image.default\">\n\t\t\t\t<div class=\"elementor-widget-container\">\n\t\t\t\t\t\t\t\t\t\t\t\t\t\t\t<img decoding=\"async\" width=\"800\" height=\"391\" src=\"https:\/\/comsefaz.org.br\/novo\/wp-content\/uploads\/2023\/11\/Ativo-2-8.png\" class=\"attachment-large size-large wp-image-9204\" alt=\"\" srcset=\"https:\/\/comsefaz.org.br\/novo\/wp-content\/uploads\/2023\/11\/Ativo-2-8.png 1012w, https:\/\/comsefaz.org.br\/novo\/wp-content\/uploads\/2023\/11\/Ativo-2-8-300x147.png 300w, https:\/\/comsefaz.org.br\/novo\/wp-content\/uploads\/2023\/11\/Ativo-2-8-768x376.png 768w\" sizes=\"(max-width: 800px) 100vw, 800px\" \/>\t\t\t\t\t\t\t\t\t\t\t\t\t\t\t<\/div>\n\t\t\t\t<\/div>\n\t\t\t\t<div class=\"elementor-element elementor-element-8bae3f1 elementor-align-center elementor-widget elementor-widget-button\" data-id=\"8bae3f1\" data-element_type=\"widget\" data-widget_type=\"button.default\">\n\t\t\t\t<div class=\"elementor-widget-container\">\n\t\t\t\t\t\t\t\t\t<div class=\"elementor-button-wrapper\">\n\t\t\t\t\t<a class=\"elementor-button elementor-button-link elementor-size-sm\" href=\"https:\/\/comsefaz.org.br\/novo\/wp-content\/uploads\/2023\/11\/Os-Estados-na-Federacao-Brasileira-Involucao-e-Perspectivas-Pos-Covid-19_digital.pdf\">\n\t\t\t\t\t\t<span class=\"elementor-button-content-wrapper\">\n\t\t\t\t\t\t<span class=\"elementor-button-icon\">\n\t\t\t\t<i aria-hidden=\"true\" class=\"far fa-arrow-alt-circle-down\"><\/i>\t\t\t<\/span>\n\t\t\t\t\t\t\t\t\t<span class=\"elementor-button-text\">Fa\u00e7a o download<\/span>\n\t\t\t\t\t<\/span>\n\t\t\t\t\t<\/a>\n\t\t\t\t<\/div>\n\t\t\t\t\t\t\t\t<\/div>\n\t\t\t\t<\/div>\n\t\t\t\t<\/div>\n\t\t<div class=\"elementor-element elementor-element-f5330a6 e-con-full elementor-hidden-mobile e-flex e-con e-child\" data-id=\"f5330a6\" data-element_type=\"container\" data-settings=\"{&quot;background_background&quot;:&quot;slideshow&quot;,&quot;background_slideshow_gallery&quot;:[],&quot;background_slideshow_loop&quot;:&quot;yes&quot;,&quot;background_slideshow_slide_duration&quot;:5000,&quot;background_slideshow_slide_transition&quot;:&quot;fade&quot;,&quot;background_slideshow_transition_duration&quot;:500}\">\n\t\t\t\t<div class=\"elementor-element elementor-element-b216b75 elementor-widget elementor-widget-image\" data-id=\"b216b75\" data-element_type=\"widget\" data-widget_type=\"image.default\">\n\t\t\t\t<div class=\"elementor-widget-container\">\n\t\t\t\t\t\t\t\t\t\t\t\t\t\t\t<img loading=\"lazy\" decoding=\"async\" width=\"800\" height=\"797\" src=\"https:\/\/comsefaz.org.br\/novo\/wp-content\/uploads\/2023\/11\/Ativo-3-8.png\" class=\"attachment-large size-large wp-image-9205\" alt=\"\" srcset=\"https:\/\/comsefaz.org.br\/novo\/wp-content\/uploads\/2023\/11\/Ativo-3-8.png 1014w, https:\/\/comsefaz.org.br\/novo\/wp-content\/uploads\/2023\/11\/Ativo-3-8-300x300.png 300w, https:\/\/comsefaz.org.br\/novo\/wp-content\/uploads\/2023\/11\/Ativo-3-8-150x150.png 150w, https:\/\/comsefaz.org.br\/novo\/wp-content\/uploads\/2023\/11\/Ativo-3-8-768x765.png 768w\" sizes=\"(max-width: 800px) 100vw, 800px\" \/>\t\t\t\t\t\t\t\t\t\t\t\t\t\t\t<\/div>\n\t\t\t\t<\/div>\n\t\t\t\t<\/div>\n\t\t\t\t\t<\/div>\n\t\t\t\t<\/div>\n\t\t<div class=\"elementor-element elementor-element-ec37960 elementor-hidden-tablet e-flex e-con-boxed e-con e-parent\" data-id=\"ec37960\" data-element_type=\"container\">\n\t\t\t\t\t<div class=\"e-con-inner\">\n\t\t<div class=\"elementor-element elementor-element-4cdc892 e-con-full e-flex e-con e-child\" data-id=\"4cdc892\" data-element_type=\"container\">\n\t\t\t\t<\/div>\n\t\t<div class=\"elementor-element elementor-element-22f84f0 e-con-full elementor-hidden-tablet elementor-hidden-mobile e-flex elementor-invisible e-con e-child\" data-id=\"22f84f0\" data-element_type=\"container\" data-settings=\"{&quot;animation&quot;:&quot;zoomIn&quot;}\">\n\t\t\t\t<div class=\"elementor-element elementor-element-ccb28e5 elementor-widget elementor-widget-image\" data-id=\"ccb28e5\" data-element_type=\"widget\" data-widget_type=\"image.default\">\n\t\t\t\t<div class=\"elementor-widget-container\">\n\t\t\t\t\t\t\t\t\t\t\t\t\t\t\t<img decoding=\"async\" width=\"800\" height=\"981\" src=\"https:\/\/comsefaz.org.br\/novo\/wp-content\/uploads\/2023\/11\/Book_Cover_Mockup-1-835x1024.png\" class=\"attachment-large size-large wp-image-9241\" alt=\"\" srcset=\"https:\/\/comsefaz.org.br\/novo\/wp-content\/uploads\/2023\/11\/Book_Cover_Mockup-1-835x1024.png 835w, https:\/\/comsefaz.org.br\/novo\/wp-content\/uploads\/2023\/11\/Book_Cover_Mockup-1-245x300.png 245w, https:\/\/comsefaz.org.br\/novo\/wp-content\/uploads\/2023\/11\/Book_Cover_Mockup-1-768x942.png 768w, https:\/\/comsefaz.org.br\/novo\/wp-content\/uploads\/2023\/11\/Book_Cover_Mockup-1-1252x1536.png 1252w, https:\/\/comsefaz.org.br\/novo\/wp-content\/uploads\/2023\/11\/Book_Cover_Mockup-1-1670x2048.png 1670w, https:\/\/comsefaz.org.br\/novo\/wp-content\/uploads\/2023\/11\/Book_Cover_Mockup-1.png 1932w\" sizes=\"(max-width: 800px) 100vw, 800px\" \/>\t\t\t\t\t\t\t\t\t\t\t\t\t\t\t<\/div>\n\t\t\t\t<\/div>\n\t\t\t\t<\/div>\n\t\t\t\t\t<\/div>\n\t\t\t\t<\/div>\n\t\t<div class=\"elementor-element elementor-element-bb13012 e-flex e-con-boxed elementor-invisible e-con e-parent\" data-id=\"bb13012\" data-element_type=\"container\" id=\"inscricao\" data-settings=\"{&quot;background_background&quot;:&quot;gradient&quot;,&quot;animation&quot;:&quot;fadeInDown&quot;}\">\n\t\t\t\t\t<div class=\"e-con-inner\">\n\t\t<div class=\"elementor-element elementor-element-edc61cd e-con-full e-flex e-con e-child\" data-id=\"edc61cd\" data-element_type=\"container\" data-settings=\"{&quot;background_background&quot;:&quot;classic&quot;}\">\n\t\t\t\t<div class=\"elementor-element elementor-element-a7e4483 elementor-view-default elementor-widget elementor-widget-icon\" data-id=\"a7e4483\" data-element_type=\"widget\" data-widget_type=\"icon.default\">\n\t\t\t\t<div class=\"elementor-widget-container\">\n\t\t\t\t\t\t\t<div class=\"elementor-icon-wrapper\">\n\t\t\t<div class=\"elementor-icon\">\n\t\t\t<i aria-hidden=\"true\" class=\"fas fa-book-open\"><\/i>\t\t\t<\/div>\n\t\t<\/div>\n\t\t\t\t\t\t<\/div>\n\t\t\t\t<\/div>\n\t\t\t\t<div class=\"elementor-element elementor-element-45f6a98 elementor-widget elementor-widget-heading\" data-id=\"45f6a98\" data-element_type=\"widget\" data-widget_type=\"heading.default\">\n\t\t\t\t<div class=\"elementor-widget-container\">\n\t\t\t\t\t<h2 class=\"elementor-heading-title elementor-size-default\">O livro: Os estados na Federa\u00e7\u00e3o Brasileira: Involu\u00e7\u00e3o e Perspectivas P\u00f3s-Covid 19<\/h2>\t\t\t\t<\/div>\n\t\t\t\t<\/div>\n\t\t\t\t<div class=\"elementor-element elementor-element-4c562a9 elementor-widget elementor-widget-text-editor\" data-id=\"4c562a9\" data-element_type=\"widget\" data-widget_type=\"text-editor.default\">\n\t\t\t\t<div class=\"elementor-widget-container\">\n\t\t\t\t\t\t\t\t\t<p>A participa\u00e7\u00e3o dos estados na distribui\u00e7\u00e3o de receitas tribut\u00e1rias tem sido reduzida paulatinamente em um processo hist\u00f3rico que privilegia os munic\u00edpios e a Uni\u00e3o. Nem mesmo o aumento das obriga\u00e7\u00f5es com despesas para servi\u00e7os p\u00fablicos, antes de responsabilidade do governo federal, foi suficiente para mudar essa realidade.<\/p><p>Tal fato \u00e9 demonstrado na pesquisa \u201cOs estados na Federa\u00e7\u00e3o Brasileira: Involu\u00e7\u00e3o e Perspectivas P\u00f3s-Covid 19\u201d, realizada pelo Comsefaz , em parceria com a Finance.<\/p><p>Coordenada pelo economista e professor Jos\u00e9 Roberto Afonso, p\u00f3s-doutor pela Universidade de Lisboa e um dos mais importantes especialistas em contas p\u00fablicas no pa\u00eds, a pesquisa avaliou a atua\u00e7\u00e3o dos estados na pandemia e como esta circunst\u00e2ncia poder\u00e1 significar uma inflex\u00e3o nas rela\u00e7\u00f5es federativas.<\/p><p>A partir de um levantamento hist\u00f3rico das receitas tribut\u00e1rias dos estados, o texto revela uma perda significativa de participa\u00e7\u00e3o dos entes subnacionais no bolo tribut\u00e1rio e o encolhimento da capacidade de coordena\u00e7\u00e3o pol\u00edtica dentro do federalismo brasileiro.<\/p><p>Ao longo das \u00faltimas d\u00e9cadas, apenas os estados perderam espa\u00e7o nas receitas dispon\u00edveis por esferas de governo. No in\u00edcio da d\u00e9cada de 1990, a Uni\u00e3o ficava com 64,1% do bolo tribut\u00e1rio, percentual que subiu para 68,2%. Os munic\u00edpios tamb\u00e9m aumentaram a participa\u00e7\u00e3o na divis\u00e3o, passando de 5,8% para 6,3%; j\u00e1 os estados ca\u00edram de 30%, em 1991, para 25,6%, em 2011.<\/p><p>Ao mesmo tempo em que as receitas recuaram gradativamente ao longo dos anos, os estados foram obrigados a assumir despesas com servi\u00e7os p\u00fablicos de responsabilidade constitucional da Uni\u00e3o.<\/p>\t\t\t\t\t\t\t\t<\/div>\n\t\t\t\t<\/div>\n\t\t\t\t<div class=\"elementor-element elementor-element-3999fa9 elementor-widget-divider--view-line elementor-widget elementor-widget-divider\" data-id=\"3999fa9\" data-element_type=\"widget\" data-widget_type=\"divider.default\">\n\t\t\t\t<div class=\"elementor-widget-container\">\n\t\t\t\t\t\t\t<div class=\"elementor-divider\">\n\t\t\t<span class=\"elementor-divider-separator\">\n\t\t\t\t\t\t<\/span>\n\t\t<\/div>\n\t\t\t\t\t\t<\/div>\n\t\t\t\t<\/div>\n\t\t\t\t<div class=\"elementor-element elementor-element-34722e8 elementor-view-default elementor-widget elementor-widget-icon\" data-id=\"34722e8\" data-element_type=\"widget\" data-widget_type=\"icon.default\">\n\t\t\t\t<div class=\"elementor-widget-container\">\n\t\t\t\t\t\t\t<div class=\"elementor-icon-wrapper\">\n\t\t\t<div class=\"elementor-icon\">\n\t\t\t<i aria-hidden=\"true\" class=\"far fa-comment-dots\"><\/i>\t\t\t<\/div>\n\t\t<\/div>\n\t\t\t\t\t\t<\/div>\n\t\t\t\t<\/div>\n\t\t\t\t<div class=\"elementor-element elementor-element-c61638a elementor-widget elementor-widget-testimonial\" data-id=\"c61638a\" data-element_type=\"widget\" data-widget_type=\"testimonial.default\">\n\t\t\t\t<div class=\"elementor-widget-container\">\n\t\t\t\t\t\t\t<div class=\"elementor-testimonial-wrapper\">\n\t\t\t\t\t\t\t<div class=\"elementor-testimonial-content\">\u201cDa d\u00e9cada de 1990 em diante, o que se observa \u00e9 uma deteriora\u00e7\u00e3o do FPE no agregado da tributa\u00e7\u00e3o brasileira \u2013 n\u00e3o por uma queda do fundo em si (em termos reais ou em porcentagem do PIB), mas pelo crescimento mais acelerado de outros tributos. Isso \u00e9 explicado pelo uso de subterf\u00fagios pela Uni\u00e3o na d\u00e9cada de 1990, como a cria\u00e7\u00e3o e o fortalecimento de tributos n\u00e3o partilhados (ex: CSLL, CPMF, Cofins etc.) e a desvincula\u00e7\u00e3o de receita (FSE e DRU). Mais \u00e0 frente, nos anos 2000, soma-se \u00e0 essa pr\u00e1tica os crescentes incentivos fiscais com impostos que s\u00e3o partilhados com estados e munic\u00edpios\u201d<\/div>\n\t\t\t\n\t\t\t\t\t\t<div class=\"elementor-testimonial-meta elementor-has-image elementor-testimonial-image-position-top\">\n\t\t\t\t<div class=\"elementor-testimonial-meta-inner\">\n\t\t\t\t\t\t\t\t\t\t\t<div class=\"elementor-testimonial-image\">\n\t\t\t\t\t\t\t<img loading=\"lazy\" decoding=\"async\" width=\"750\" height=\"500\" src=\"https:\/\/comsefaz.org.br\/novo\/wp-content\/uploads\/2023\/11\/b941fc36-f85d-454d-91b3-a851865dc310_CorteRetangular.png\" class=\"attachment-full size-full wp-image-9264\" alt=\"\" srcset=\"https:\/\/comsefaz.org.br\/novo\/wp-content\/uploads\/2023\/11\/b941fc36-f85d-454d-91b3-a851865dc310_CorteRetangular.png 750w, https:\/\/comsefaz.org.br\/novo\/wp-content\/uploads\/2023\/11\/b941fc36-f85d-454d-91b3-a851865dc310_CorteRetangular-300x200.png 300w\" sizes=\"(max-width: 750px) 100vw, 750px\" \/>\t\t\t\t\t\t<\/div>\n\t\t\t\t\t\n\t\t\t\t\t\t\t\t\t\t<div class=\"elementor-testimonial-details\">\n\t\t\t\t\t\t\t\t\t\t\t\t\t\t<div class=\"elementor-testimonial-name\">Jos\u00e9 Roberto Afonso<\/div>\n\t\t\t\t\t\t\t\t\t\t\t\t\t\t\t\t\t\t\t\t\t\t<div class=\"elementor-testimonial-job\">Economista e Professor<\/div>\n\t\t\t\t\t\t\t\t\t\t\t\t\t<\/div>\n\t\t\t\t\t\t\t\t\t<\/div>\n\t\t\t<\/div>\n\t\t\t\t\t<\/div>\n\t\t\t\t\t\t<\/div>\n\t\t\t\t<\/div>\n\t\t\t\t<\/div>\n\t\t\t\t\t<\/div>\n\t\t\t\t<\/div>\n\t\t<div class=\"elementor-element elementor-element-2245d86 e-flex e-con-boxed e-con e-parent\" data-id=\"2245d86\" data-element_type=\"container\" data-settings=\"{&quot;background_background&quot;:&quot;classic&quot;}\">\n\t\t\t\t\t<div class=\"e-con-inner\">\n\t\t\t\t<div class=\"elementor-element elementor-element-fdf515e elementor-align-center elementor-widget elementor-widget-button\" data-id=\"fdf515e\" data-element_type=\"widget\" data-widget_type=\"button.default\">\n\t\t\t\t<div class=\"elementor-widget-container\">\n\t\t\t\t\t\t\t\t\t<div class=\"elementor-button-wrapper\">\n\t\t\t\t\t<a class=\"elementor-button elementor-button-link elementor-size-sm\" href=\"https:\/\/comsefaz.org.br\/novo\/wp-content\/uploads\/2023\/11\/Os-Estados-na-Federacao-Brasileira-Involucao-e-Perspectivas-Pos-Covid-19_digital.pdf\">\n\t\t\t\t\t\t<span class=\"elementor-button-content-wrapper\">\n\t\t\t\t\t\t<span class=\"elementor-button-icon\">\n\t\t\t\t<i aria-hidden=\"true\" class=\"far fa-arrow-alt-circle-down\"><\/i>\t\t\t<\/span>\n\t\t\t\t\t\t\t\t\t<span class=\"elementor-button-text\">Fa\u00e7a o download<\/span>\n\t\t\t\t\t<\/span>\n\t\t\t\t\t<\/a>\n\t\t\t\t<\/div>\n\t\t\t\t\t\t\t\t<\/div>\n\t\t\t\t<\/div>\n\t\t\t\t\t<\/div>\n\t\t\t\t<\/div>\n\t\t<div class=\"elementor-element elementor-element-9aea3f4 e-flex e-con-boxed e-con e-parent\" data-id=\"9aea3f4\" data-element_type=\"container\" data-settings=\"{&quot;background_background&quot;:&quot;classic&quot;}\">\n\t\t\t\t\t<div class=\"e-con-inner\">\n\t\t\t\t<div class=\"elementor-element elementor-element-56b6f85 elementor-widget elementor-widget-heading\" data-id=\"56b6f85\" data-element_type=\"widget\" data-widget_type=\"heading.default\">\n\t\t\t\t<div class=\"elementor-widget-container\">\n\t\t\t\t\t<h2 class=\"elementor-heading-title elementor-size-default\">Comsefaz | 2024<\/h2>\t\t\t\t<\/div>\n\t\t\t\t<\/div>\n\t\t\t\t\t<\/div>\n\t\t\t\t<\/div>\n\t\t<div class=\"elementor-element elementor-element-9c355f3 e-flex e-con-boxed e-con e-parent\" data-id=\"9c355f3\" data-element_type=\"container\" data-settings=\"{&quot;background_background&quot;:&quot;classic&quot;}\">\n\t\t\t\t\t<div class=\"e-con-inner\">\n\t\t\t\t<div class=\"elementor-element elementor-element-09de01a elementor-widget elementor-widget-site-logo\" data-id=\"09de01a\" data-element_type=\"widget\" data-settings=\"{&quot;width&quot;:{&quot;unit&quot;:&quot;%&quot;,&quot;size&quot;:15,&quot;sizes&quot;:[]},&quot;width_mobile&quot;:{&quot;unit&quot;:&quot;%&quot;,&quot;size&quot;:50,&quot;sizes&quot;:[]},&quot;align&quot;:&quot;center&quot;,&quot;width_tablet&quot;:{&quot;unit&quot;:&quot;%&quot;,&quot;size&quot;:&quot;&quot;,&quot;sizes&quot;:[]},&quot;space&quot;:{&quot;unit&quot;:&quot;%&quot;,&quot;size&quot;:&quot;&quot;,&quot;sizes&quot;:[]},&quot;space_tablet&quot;:{&quot;unit&quot;:&quot;%&quot;,&quot;size&quot;:&quot;&quot;,&quot;sizes&quot;:[]},&quot;space_mobile&quot;:{&quot;unit&quot;:&quot;%&quot;,&quot;size&quot;:&quot;&quot;,&quot;sizes&quot;:[]},&quot;image_border_radius&quot;:{&quot;unit&quot;:&quot;px&quot;,&quot;top&quot;:&quot;&quot;,&quot;right&quot;:&quot;&quot;,&quot;bottom&quot;:&quot;&quot;,&quot;left&quot;:&quot;&quot;,&quot;isLinked&quot;:true},&quot;image_border_radius_tablet&quot;:{&quot;unit&quot;:&quot;px&quot;,&quot;top&quot;:&quot;&quot;,&quot;right&quot;:&quot;&quot;,&quot;bottom&quot;:&quot;&quot;,&quot;left&quot;:&quot;&quot;,&quot;isLinked&quot;:true},&quot;image_border_radius_mobile&quot;:{&quot;unit&quot;:&quot;px&quot;,&quot;top&quot;:&quot;&quot;,&quot;right&quot;:&quot;&quot;,&quot;bottom&quot;:&quot;&quot;,&quot;left&quot;:&quot;&quot;,&quot;isLinked&quot;:true},&quot;caption_padding&quot;:{&quot;unit&quot;:&quot;px&quot;,&quot;top&quot;:&quot;&quot;,&quot;right&quot;:&quot;&quot;,&quot;bottom&quot;:&quot;&quot;,&quot;left&quot;:&quot;&quot;,&quot;isLinked&quot;:true},&quot;caption_padding_tablet&quot;:{&quot;unit&quot;:&quot;px&quot;,&quot;top&quot;:&quot;&quot;,&quot;right&quot;:&quot;&quot;,&quot;bottom&quot;:&quot;&quot;,&quot;left&quot;:&quot;&quot;,&quot;isLinked&quot;:true},&quot;caption_padding_mobile&quot;:{&quot;unit&quot;:&quot;px&quot;,&quot;top&quot;:&quot;&quot;,&quot;right&quot;:&quot;&quot;,&quot;bottom&quot;:&quot;&quot;,&quot;left&quot;:&quot;&quot;,&quot;isLinked&quot;:true},&quot;caption_space&quot;:{&quot;unit&quot;:&quot;px&quot;,&quot;size&quot;:0,&quot;sizes&quot;:[]},&quot;caption_space_tablet&quot;:{&quot;unit&quot;:&quot;px&quot;,&quot;size&quot;:&quot;&quot;,&quot;sizes&quot;:[]},&quot;caption_space_mobile&quot;:{&quot;unit&quot;:&quot;px&quot;,&quot;size&quot;:&quot;&quot;,&quot;sizes&quot;:[]}}\" data-widget_type=\"site-logo.default\">\n\t\t\t\t<div class=\"elementor-widget-container\">\n\t\t\t\t\t\t\t<div class=\"hfe-site-logo\">\n\t\t\t\t\t\t\t\t\t\t\t\t\t<a data-elementor-open-lightbox=\"\"  class='elementor-clickable' href=\"https:\/\/comsefaz.org.br\/novo\">\n\t\t\t\t\t\t\t<div class=\"hfe-site-logo-set\">           \n\t\t\t\t<div class=\"hfe-site-logo-container\">\n\t\t\t\t\t\t\t\t\t<img decoding=\"async\" class=\"hfe-site-logo-img elementor-animation-\"  src=\"https:\/\/comsefaz.org.br\/novo\/wp-content\/uploads\/2022\/05\/marca_prioritaria_cor.svg\" alt=\"default-logo\"\/>\n\t\t\t\t<\/div>\n\t\t\t<\/div>\n\t\t\t\t\t\t\t<\/a>\n\t\t\t\t\t\t<\/div>  \n\t\t\t\t\t\t\t<\/div>\n\t\t\t\t<\/div>\n\t\t\t\t\t<\/div>\n\t\t\t\t<\/div>\n\t\t\t\t<\/div>\n\t\t","protected":false},"excerpt":{"rendered":"<p>Fa\u00e7a o download O livro: Os estados na Federa\u00e7\u00e3o Brasileira: Involu\u00e7\u00e3o e Perspectivas P\u00f3s-Covid 19 A participa\u00e7\u00e3o dos estados na distribui\u00e7\u00e3o de receitas tribut\u00e1rias tem sido reduzida paulatinamente em um [&hellip;]<\/p>\n","protected":false},"author":2,"featured_media":0,"parent":0,"menu_order":0,"comment_status":"closed","ping_status":"closed","template":"","meta":{"_acf_changed":false,"om_disable_all_campaigns":false,"_monsterinsights_skip_tracking":false,"_monsterinsights_sitenote_active":false,"_monsterinsights_sitenote_note":"","_monsterinsights_sitenote_category":0,"_EventAllDay":false,"_EventTimezone":"","_EventStartDate":"","_EventEndDate":"","_EventStartDateUTC":"","_EventEndDateUTC":"","_EventShowMap":false,"_EventShowMapLink":false,"_EventURL":"","_EventCost":"","_EventCostDescription":"","_EventCurrencySymbol":"","_EventCurrencyCode":"","_EventCurrencyPosition":"","_EventDateTimeSeparator":"","_EventTimeRangeSeparator":"","_EventOrganizerID":[],"_EventVenueID":[],"_OrganizerEmail":"","_OrganizerPhone":"","_OrganizerWebsite":"","_VenueAddress":"","_VenueCity":"","_VenueCountry":"","_VenueProvince":"","_VenueState":"","_VenueZip":"","_VenuePhone":"","_VenueURL":"","_VenueStateProvince":"","_VenueLat":"","_VenueLng":"","_VenueShowMap":false,"_VenueShowMapLink":false,"footnotes":""},"class_list":["post-9263","page","type-page","status-publish","hentry"],"acf":[],"aioseo_notices":[],"jetpack_sharing_enabled":true,"_links":{"self":[{"href":"https:\/\/comsefaz.org.br\/novo\/wp-json\/wp\/v2\/pages\/9263","targetHints":{"allow":["GET"]}}],"collection":[{"href":"https:\/\/comsefaz.org.br\/novo\/wp-json\/wp\/v2\/pages"}],"about":[{"href":"https:\/\/comsefaz.org.br\/novo\/wp-json\/wp\/v2\/types\/page"}],"author":[{"embeddable":true,"href":"https:\/\/comsefaz.org.br\/novo\/wp-json\/wp\/v2\/users\/2"}],"replies":[{"embeddable":true,"href":"https:\/\/comsefaz.org.br\/novo\/wp-json\/wp\/v2\/comments?post=9263"}],"version-history":[{"count":47,"href":"https:\/\/comsefaz.org.br\/novo\/wp-json\/wp\/v2\/pages\/9263\/revisions"}],"predecessor-version":[{"id":10737,"href":"https:\/\/comsefaz.org.br\/novo\/wp-json\/wp\/v2\/pages\/9263\/revisions\/10737"}],"wp:attachment":[{"href":"https:\/\/comsefaz.org.br\/novo\/wp-json\/wp\/v2\/media?parent=9263"}],"curies":[{"name":"wp","href":"https:\/\/api.w.org\/{rel}","templated":true}]}}